{"id":4012,"date":"2024-08-06T13:39:36","date_gmt":"2024-08-06T11:39:36","guid":{"rendered":"https:\/\/www.hotelvictoriatrieste.com\/?page_id=4012"},"modified":"2024-08-06T13:39:36","modified_gmt":"2024-08-06T11:39:36","slug":"fuga-letteraria-de","status":"publish","type":"page","link":"https:\/\/www.hotelvictoriatrieste.com\/de\/angebote\/fuga-letteraria-de\/","title":{"rendered":"Literarische Flucht"},"content":{"rendered":"<p>Ihr romantischer Aufenthalt in Triest bedeutet, sich von einer Atmosph\u00e4re voller Aufmerksamkeit verw\u00f6hnen zu lassen, die nur eine Literaturstadt wie Triest bieten kann:<\/p>\n<ul>\n<li>Zimmer f\u00fcr zwei Personen zur Auswahl aus den verf\u00fcgbaren Typen<\/li>\n<li>frisches Obst zur Begr\u00fc\u00dfung in Ihrem Zimmer<\/li>\n<li>Literarischer Spaziergang, der von den besten Triest-F\u00fchrern auf Ihre Bed\u00fcrfnisse zugeschnitten ist<\/li>\n<li>Fr\u00fchst\u00fccksbuffet im Zimmer serviert<\/li>\n<li>Degustationsabendessen in Zusammenarbeit mit dem Restaurant <a href=\"http:\/\/www.caffesanmarco.com\/\">Antico Caff\u00e8 San Marco<\/a> (Begr\u00fc\u00dfungsglas, \u00d6lverkostung, erster Gang, zweiter Gang, Dessert, Wasser und Kaffee)<\/li>\n<\/ul>\n<p><strong>Eine Nacht ab 349 \u20ac, zwei \u00dcbernachtungen im Hotel ab 449 \u20ac.<\/strong><\/p>\n<p>Kostenlose Stornierung\/\u00c4nderung bis 48 Stunden vor dem Anreisetag. Bezahlung vor Ort.<\/p>\n<p style=\"text-align: center;\">Das Angebot ist das ganze Jahr \u00fcber g\u00fcltig, unterliegt jedoch der Verf\u00fcgbarkeit.<\/p>\n<p style=\"text-align: center;\"><a href=\"https:\/\/be.bookingexpert.it\/book\/home\/index?layout=13541&amp;lang=de&amp;nsid=be99a502-dc1d-4350-8dfa-fa2358fa74fc\">SEHEN SIE ES SICH AN<\/a>!<\/p>\n","protected":false},"excerpt":{"rendered":"<p>Ihr romantischer Aufenthalt in Triest bedeutet, sich von einer Atmosph\u00e4re voller Aufmerksamkeit verw\u00f6hnen zu lassen, die nur eine Literaturstadt wie Triest bieten kann: Zimmer f\u00fcr zwei Personen zur Auswahl aus den verf\u00fcgbaren Typen frisches Obst zur Begr\u00fc\u00dfung in Ihrem Zimmer Literarischer Spaziergang, der von den besten Triest-F\u00fchrern auf Ihre Bed\u00fcrfnisse zugeschnitten ist Fr\u00fchst\u00fccksbuffet im Zimmer&#8230;<\/p>\n","protected":false},"author":11,"featured_media":4000,"parent":149,"menu_order":1,"comment_status":"closed","ping_status":"closed","template":"page-offerta.php","meta":{"_acf_changed":false,"footnotes":""},"class_list":["post-4012","page","type-page","status-publish","has-post-thumbnail","hentry"],"acf":[],"yoast_head":"<!-- This site is optimized with the Yoast SEO plugin v27.2 - https:\/\/yoast.com\/product\/yoast-seo-wordpress\/ -->\n<title>Literarische Flucht | Hotel Victoria<\/title>\n<meta name=\"description\" content=\"Widmen Sie sich und widmen Sie eine Nacht der Person, die Sie lieben, um die literarischen Sch\u00f6nheiten von Triest zu entdecken. Ab 349 \u20ac.\" \/>\n<meta name=\"robots\" content=\"index, follow, max-snippet:-1, max-image-preview:large, max-video-preview:-1\" \/>\n<link rel=\"canonical\" href=\"https:\/\/www.hotelvictoriatrieste.com\/de\/angebote\/fuga-letteraria-de\/\" \/>\n<meta property=\"og:locale\" content=\"de_DE\" \/>\n<meta property=\"og:type\" content=\"article\" \/>\n<meta property=\"og:title\" content=\"Literarische Flucht | Hotel Victoria\" \/>\n<meta property=\"og:description\" content=\"Widmen Sie sich und widmen Sie eine Nacht der Person, die Sie lieben, um die literarischen Sch\u00f6nheiten von Triest zu entdecken. Ab 349 \u20ac.\" \/>\n<meta property=\"og:url\" content=\"https:\/\/www.hotelvictoriatrieste.com\/de\/angebote\/fuga-letteraria-de\/\" \/>\n<meta property=\"og:site_name\" content=\"Hotel Victoria\" \/>\n<meta property=\"og:image\" content=\"https:\/\/www.hotelvictoriatrieste.com\/wp-content\/uploads\/2023\/10\/san-marco.jpg\" \/>\n\t<meta property=\"og:image:width\" content=\"750\" \/>\n\t<meta property=\"og:image:height\" content=\"500\" \/>\n\t<meta property=\"og:image:type\" content=\"image\/jpeg\" \/>\n<meta name=\"twitter:card\" content=\"summary_large_image\" \/>\n<meta name=\"twitter:label1\" content=\"Gesch\u00e4tzte Lesezeit\" \/>\n\t<meta name=\"twitter:data1\" content=\"1\u00a0Minute\" \/>\n<!-- \/ Yoast SEO plugin. -->","yoast_head_json":{"title":"Literarische Flucht | Hotel Victoria","description":"Widmen Sie sich und widmen Sie eine Nacht der Person, die Sie lieben, um die literarischen Sch\u00f6nheiten von Triest zu entdecken. Ab 349 \u20ac.","robots":{"index":"index","follow":"follow","max-snippet":"max-snippet:-1","max-image-preview":"max-image-preview:large","max-video-preview":"max-video-preview:-1"},"canonical":"https:\/\/www.hotelvictoriatrieste.com\/de\/angebote\/fuga-letteraria-de\/","og_locale":"de_DE","og_type":"article","og_title":"Literarische Flucht | Hotel Victoria","og_description":"Widmen Sie sich und widmen Sie eine Nacht der Person, die Sie lieben, um die literarischen Sch\u00f6nheiten von Triest zu entdecken. Ab 349 \u20ac.","og_url":"https:\/\/www.hotelvictoriatrieste.com\/de\/angebote\/fuga-letteraria-de\/","og_site_name":"Hotel Victoria","og_image":[{"width":750,"height":500,"url":"https:\/\/www.hotelvictoriatrieste.com\/wp-content\/uploads\/2023\/10\/san-marco.jpg","type":"image\/jpeg"}],"twitter_card":"summary_large_image","twitter_misc":{"Gesch\u00e4tzte Lesezeit":"1\u00a0Minute"},"schema":{"@context":"https:\/\/schema.org","@graph":[{"@type":"WebPage","@id":"https:\/\/www.hotelvictoriatrieste.com\/de\/angebote\/fuga-letteraria-de\/","url":"https:\/\/www.hotelvictoriatrieste.com\/de\/angebote\/fuga-letteraria-de\/","name":"Literarische Flucht | Hotel Victoria","isPartOf":{"@id":"https:\/\/www.hotelvictoriatrieste.com\/de\/#website"},"primaryImageOfPage":{"@id":"https:\/\/www.hotelvictoriatrieste.com\/de\/angebote\/fuga-letteraria-de\/#primaryimage"},"image":{"@id":"https:\/\/www.hotelvictoriatrieste.com\/de\/angebote\/fuga-letteraria-de\/#primaryimage"},"thumbnailUrl":"https:\/\/www.hotelvictoriatrieste.com\/wp-content\/uploads\/2023\/10\/san-marco.jpg","datePublished":"2024-08-06T11:39:36+00:00","description":"Widmen Sie sich und widmen Sie eine Nacht der Person, die Sie lieben, um die literarischen Sch\u00f6nheiten von Triest zu entdecken. Ab 349 \u20ac.","breadcrumb":{"@id":"https:\/\/www.hotelvictoriatrieste.com\/de\/angebote\/fuga-letteraria-de\/#breadcrumb"},"inLanguage":"de","potentialAction":[{"@type":"ReadAction","target":["https:\/\/www.hotelvictoriatrieste.com\/de\/angebote\/fuga-letteraria-de\/"]}]},{"@type":"ImageObject","inLanguage":"de","@id":"https:\/\/www.hotelvictoriatrieste.com\/de\/angebote\/fuga-letteraria-de\/#primaryimage","url":"https:\/\/www.hotelvictoriatrieste.com\/wp-content\/uploads\/2023\/10\/san-marco.jpg","contentUrl":"https:\/\/www.hotelvictoriatrieste.com\/wp-content\/uploads\/2023\/10\/san-marco.jpg","width":750,"height":500},{"@type":"BreadcrumbList","@id":"https:\/\/www.hotelvictoriatrieste.com\/de\/angebote\/fuga-letteraria-de\/#breadcrumb","itemListElement":[{"@type":"ListItem","position":1,"name":"Home","item":"https:\/\/www.hotelvictoriatrieste.com\/de\/"},{"@type":"ListItem","position":2,"name":"Angebote","item":"https:\/\/www.hotelvictoriatrieste.com\/de\/angebote\/"},{"@type":"ListItem","position":3,"name":"Literarische Flucht"}]},{"@type":"WebSite","@id":"https:\/\/www.hotelvictoriatrieste.com\/de\/#website","url":"https:\/\/www.hotelvictoriatrieste.com\/de\/","name":"Hotel Victoria","description":"","potentialAction":[{"@type":"SearchAction","target":{"@type":"EntryPoint","urlTemplate":"https:\/\/www.hotelvictoriatrieste.com\/de\/?s={search_term_string}"},"query-input":{"@type":"PropertyValueSpecification","valueRequired":true,"valueName":"search_term_string"}}],"inLanguage":"de"}]}},"_links":{"self":[{"href":"https:\/\/www.hotelvictoriatrieste.com\/de\/wp-json\/wp\/v2\/pages\/4012","targetHints":{"allow":["GET"]}}],"collection":[{"href":"https:\/\/www.hotelvictoriatrieste.com\/de\/wp-json\/wp\/v2\/pages"}],"about":[{"href":"https:\/\/www.hotelvictoriatrieste.com\/de\/wp-json\/wp\/v2\/types\/page"}],"author":[{"embeddable":true,"href":"https:\/\/www.hotelvictoriatrieste.com\/de\/wp-json\/wp\/v2\/users\/11"}],"replies":[{"embeddable":true,"href":"https:\/\/www.hotelvictoriatrieste.com\/de\/wp-json\/wp\/v2\/comments?post=4012"}],"version-history":[{"count":1,"href":"https:\/\/www.hotelvictoriatrieste.com\/de\/wp-json\/wp\/v2\/pages\/4012\/revisions"}],"predecessor-version":[{"id":4015,"href":"https:\/\/www.hotelvictoriatrieste.com\/de\/wp-json\/wp\/v2\/pages\/4012\/revisions\/4015"}],"up":[{"embeddable":true,"href":"https:\/\/www.hotelvictoriatrieste.com\/de\/wp-json\/wp\/v2\/pages\/149"}],"wp:featuredmedia":[{"embeddable":true,"href":"https:\/\/www.hotelvictoriatrieste.com\/de\/wp-json\/wp\/v2\/media\/4000"}],"wp:attachment":[{"href":"https:\/\/www.hotelvictoriatrieste.com\/de\/wp-json\/wp\/v2\/media?parent=4012"}],"curies":[{"name":"wp","href":"https:\/\/api.w.org\/{rel}","templated":true}]}}