{"id":236,"date":"2016-02-11T16:40:02","date_gmt":"2016-02-11T15:40:02","guid":{"rendered":"http:\/\/www.hotelvictoriatrieste.com\/de\/angebote\/tre-giorni-a-trieste\/"},"modified":"2024-04-02T12:22:56","modified_gmt":"2024-04-02T10:22:56","slug":"drei-tage-triest","status":"publish","type":"page","link":"https:\/\/www.hotelvictoriatrieste.com\/de\/angebote\/drei-tage-triest\/","title":{"rendered":"Drei Tage in Triest"},"content":{"rendered":"<p>Ein Wochenende in Triest mit gratis Eintritt in die wichtigsten Museen (einschlie\u00dflich Schloss Miramare, Grotte Gigante und Schloss von San Giusto) und die DREI TAGES F\u00fchrung IN TRIEST.<\/p>\n<p><strong>Dieser Tarif inkludiert:<\/strong><\/p>\n<ul>\n<li>Fr\u00fchst\u00fccksbuffet<\/li>\n<li>FVG Karte g\u00fcltig f\u00fcr 48h! Diese erm\u00f6glicht den Eintritt in die wichtigsten Museen von Triest<\/li>\n<li>Die F\u00fchrung DREI TAGE IN TRIEST von Corinna Opara (Auflage Beit auf Englisch)<\/li>\n<li>IVA und Service<\/li>\n<li>Techongym Corner<\/li>\n<li>Internet Zugang Wi-Fi<\/li>\n<li>Turisteninformationen<\/li>\n<\/ul>\n<p>DAS ANGEBOT GILT DAS GANZE JAHR NACH VERF\u00dcGBARKEIT, <a href=\"https:\/\/be.bookingexpert.it\/book\/offer\/details?rate=22364&amp;layout=13541&amp;lang=de&amp;currency=EUR&amp;nsid=681ec2f9-63a1-4c37-b9f5-867cdff1c045\">PR\u00dcFEN SIE SIE!<\/a><\/p>\n","protected":false},"excerpt":{"rendered":"<p>Ein Wochenende in Triest mit gratis Eintritt in die wichtigsten Museen (einschlie\u00dflich Schloss Miramare, Grotte Gigante und Schloss von San Giusto) und die DREI TAGES F\u00fchrung IN TRIEST. Dieser Tarif inkludiert: Fr\u00fchst\u00fccksbuffet FVG Karte g\u00fcltig f\u00fcr 48h! Diese erm\u00f6glicht den Eintritt in die wichtigsten Museen von Triest Die F\u00fchrung DREI TAGE IN TRIEST von Corinna&#8230;<\/p>\n","protected":false},"author":4,"featured_media":319,"parent":149,"menu_order":5,"comment_status":"closed","ping_status":"closed","template":"page-offerta.php","meta":{"_acf_changed":false,"footnotes":""},"class_list":["post-236","page","type-page","status-publish","has-post-thumbnail","hentry"],"acf":[],"yoast_head":"<!-- This site is optimized with the Yoast SEO plugin v27.2 - https:\/\/yoast.com\/product\/yoast-seo-wordpress\/ -->\n<title>Angebot Drei Tage in Triest - Hotel Victoria Triest<\/title>\n<meta name=\"description\" content=\"Ein Wochenende in Triest mit gratis Eintritt in die wichtigsten Museen (einschlie\u00dflich Schloss Miramare, Grotte Gigante und das Schloss von San Giusto). Ab einem Preis von\u00a0 129 \u20ac.\" \/>\n<meta name=\"robots\" content=\"index, follow, max-snippet:-1, max-image-preview:large, max-video-preview:-1\" \/>\n<link rel=\"canonical\" href=\"https:\/\/www.hotelvictoriatrieste.com\/de\/angebote\/drei-tage-triest\/\" \/>\n<meta property=\"og:locale\" content=\"de_DE\" \/>\n<meta property=\"og:type\" content=\"article\" \/>\n<meta property=\"og:title\" content=\"Angebot Drei Tage in Triest - Hotel Victoria Triest\" \/>\n<meta property=\"og:description\" content=\"Ein Wochenende in Triest mit gratis Eintritt in die wichtigsten Museen (einschlie\u00dflich Schloss Miramare, Grotte Gigante und das Schloss von San Giusto). Ab einem Preis von\u00a0 129 \u20ac.\" \/>\n<meta property=\"og:url\" content=\"https:\/\/www.hotelvictoriatrieste.com\/de\/angebote\/drei-tage-triest\/\" \/>\n<meta property=\"og:site_name\" content=\"Hotel Victoria\" \/>\n<meta property=\"article:modified_time\" content=\"2024-04-02T10:22:56+00:00\" \/>\n<meta property=\"og:image\" content=\"https:\/\/www.hotelvictoriatrieste.com\/wp-content\/uploads\/2016\/02\/trieste.jpg\" \/>\n\t<meta property=\"og:image:width\" content=\"500\" \/>\n\t<meta property=\"og:image:height\" content=\"270\" \/>\n\t<meta property=\"og:image:type\" content=\"image\/jpeg\" \/>\n<meta name=\"twitter:card\" content=\"summary_large_image\" \/>\n<meta name=\"twitter:label1\" content=\"Gesch\u00e4tzte Lesezeit\" \/>\n\t<meta name=\"twitter:data1\" content=\"1\u00a0Minute\" \/>\n<!-- \/ Yoast SEO plugin. -->","yoast_head_json":{"title":"Angebot Drei Tage in Triest - Hotel Victoria Triest","description":"Ein Wochenende in Triest mit gratis Eintritt in die wichtigsten Museen (einschlie\u00dflich Schloss Miramare, Grotte Gigante und das Schloss von San Giusto). Ab einem Preis von\u00a0 129 \u20ac.","robots":{"index":"index","follow":"follow","max-snippet":"max-snippet:-1","max-image-preview":"max-image-preview:large","max-video-preview":"max-video-preview:-1"},"canonical":"https:\/\/www.hotelvictoriatrieste.com\/de\/angebote\/drei-tage-triest\/","og_locale":"de_DE","og_type":"article","og_title":"Angebot Drei Tage in Triest - Hotel Victoria Triest","og_description":"Ein Wochenende in Triest mit gratis Eintritt in die wichtigsten Museen (einschlie\u00dflich Schloss Miramare, Grotte Gigante und das Schloss von San Giusto). Ab einem Preis von\u00a0 129 \u20ac.","og_url":"https:\/\/www.hotelvictoriatrieste.com\/de\/angebote\/drei-tage-triest\/","og_site_name":"Hotel Victoria","article_modified_time":"2024-04-02T10:22:56+00:00","og_image":[{"width":500,"height":270,"url":"https:\/\/www.hotelvictoriatrieste.com\/wp-content\/uploads\/2016\/02\/trieste.jpg","type":"image\/jpeg"}],"twitter_card":"summary_large_image","twitter_misc":{"Gesch\u00e4tzte Lesezeit":"1\u00a0Minute"},"schema":{"@context":"https:\/\/schema.org","@graph":[{"@type":"WebPage","@id":"https:\/\/www.hotelvictoriatrieste.com\/de\/angebote\/drei-tage-triest\/","url":"https:\/\/www.hotelvictoriatrieste.com\/de\/angebote\/drei-tage-triest\/","name":"Angebot Drei Tage in Triest - Hotel Victoria Triest","isPartOf":{"@id":"https:\/\/www.hotelvictoriatrieste.com\/de\/#website"},"primaryImageOfPage":{"@id":"https:\/\/www.hotelvictoriatrieste.com\/de\/angebote\/drei-tage-triest\/#primaryimage"},"image":{"@id":"https:\/\/www.hotelvictoriatrieste.com\/de\/angebote\/drei-tage-triest\/#primaryimage"},"thumbnailUrl":"https:\/\/www.hotelvictoriatrieste.com\/wp-content\/uploads\/2016\/02\/trieste.jpg","datePublished":"2016-02-11T15:40:02+00:00","dateModified":"2024-04-02T10:22:56+00:00","description":"Ein Wochenende in Triest mit gratis Eintritt in die wichtigsten Museen (einschlie\u00dflich Schloss Miramare, Grotte Gigante und das Schloss von San Giusto). Ab einem Preis von\u00a0 129 \u20ac.","breadcrumb":{"@id":"https:\/\/www.hotelvictoriatrieste.com\/de\/angebote\/drei-tage-triest\/#breadcrumb"},"inLanguage":"de","potentialAction":[{"@type":"ReadAction","target":["https:\/\/www.hotelvictoriatrieste.com\/de\/angebote\/drei-tage-triest\/"]}]},{"@type":"ImageObject","inLanguage":"de","@id":"https:\/\/www.hotelvictoriatrieste.com\/de\/angebote\/drei-tage-triest\/#primaryimage","url":"https:\/\/www.hotelvictoriatrieste.com\/wp-content\/uploads\/2016\/02\/trieste.jpg","contentUrl":"https:\/\/www.hotelvictoriatrieste.com\/wp-content\/uploads\/2016\/02\/trieste.jpg","width":500,"height":270},{"@type":"BreadcrumbList","@id":"https:\/\/www.hotelvictoriatrieste.com\/de\/angebote\/drei-tage-triest\/#breadcrumb","itemListElement":[{"@type":"ListItem","position":1,"name":"Home","item":"https:\/\/www.hotelvictoriatrieste.com\/de\/"},{"@type":"ListItem","position":2,"name":"Angebote","item":"https:\/\/www.hotelvictoriatrieste.com\/de\/angebote\/"},{"@type":"ListItem","position":3,"name":"Drei Tage in Triest"}]},{"@type":"WebSite","@id":"https:\/\/www.hotelvictoriatrieste.com\/de\/#website","url":"https:\/\/www.hotelvictoriatrieste.com\/de\/","name":"Hotel Victoria","description":"","potentialAction":[{"@type":"SearchAction","target":{"@type":"EntryPoint","urlTemplate":"https:\/\/www.hotelvictoriatrieste.com\/de\/?s={search_term_string}"},"query-input":{"@type":"PropertyValueSpecification","valueRequired":true,"valueName":"search_term_string"}}],"inLanguage":"de"}]}},"_links":{"self":[{"href":"https:\/\/www.hotelvictoriatrieste.com\/de\/wp-json\/wp\/v2\/pages\/236","targetHints":{"allow":["GET"]}}],"collection":[{"href":"https:\/\/www.hotelvictoriatrieste.com\/de\/wp-json\/wp\/v2\/pages"}],"about":[{"href":"https:\/\/www.hotelvictoriatrieste.com\/de\/wp-json\/wp\/v2\/types\/page"}],"author":[{"embeddable":true,"href":"https:\/\/www.hotelvictoriatrieste.com\/de\/wp-json\/wp\/v2\/users\/4"}],"replies":[{"embeddable":true,"href":"https:\/\/www.hotelvictoriatrieste.com\/de\/wp-json\/wp\/v2\/comments?post=236"}],"version-history":[{"count":11,"href":"https:\/\/www.hotelvictoriatrieste.com\/de\/wp-json\/wp\/v2\/pages\/236\/revisions"}],"predecessor-version":[{"id":4085,"href":"https:\/\/www.hotelvictoriatrieste.com\/de\/wp-json\/wp\/v2\/pages\/236\/revisions\/4085"}],"up":[{"embeddable":true,"href":"https:\/\/www.hotelvictoriatrieste.com\/de\/wp-json\/wp\/v2\/pages\/149"}],"wp:featuredmedia":[{"embeddable":true,"href":"https:\/\/www.hotelvictoriatrieste.com\/de\/wp-json\/wp\/v2\/media\/319"}],"wp:attachment":[{"href":"https:\/\/www.hotelvictoriatrieste.com\/de\/wp-json\/wp\/v2\/media?parent=236"}],"curies":[{"name":"wp","href":"https:\/\/api.w.org\/{rel}","templated":true}]}}