{"id":150,"date":"2016-02-17T18:19:48","date_gmt":"2016-02-17T17:19:48","guid":{"rendered":"http:\/\/www.hotelvictoriatrieste.com\/de\/?page_id=150"},"modified":"2024-08-27T17:13:48","modified_gmt":"2024-08-27T15:13:48","slug":"dienstleistungen","status":"publish","type":"page","link":"https:\/\/www.hotelvictoriatrieste.com\/de\/dienstleistungen\/","title":{"rendered":"Dienstleistungen"},"content":{"rendered":"<h3 style=\"text-align: center;\"><strong>Die zur Verf\u00fcgung stehenden Dienstleistungen f\u00fcr die G\u00e4ste des Victoria Hotel Letterario inkludieren:<\/strong><\/h3>\n<p style=\"text-align: center;\">Parkplatz \/ Garage vertragsgebunden bewacht<\/p>\n<p style=\"text-align: center;\">Wellness \u2013 Bereich zum exklusiven Gebrauch mit Reservierung (\u20ac 80 eine Person, \u20ac 100 zwei Personen)<\/p>\n<p style=\"text-align: center;\">Technogym \/ Fitnessbereich<\/p>\n<p style=\"text-align: center;\">Ausgestatteter Konferenzraum<\/p>\n<p style=\"text-align: center;\">Front desk 24 \/ 7 \/ 365<\/p>\n<p style=\"text-align: center;\">Putzerei<\/p>\n<p style=\"text-align: center;\">Drahtfunk<\/p>\n<p style=\"text-align: center;\">Internetanschluss mit Kabel und Wifi<\/p>\n<h3 style=\"text-align: center;\"><strong>Auf Anfrage:<\/strong><\/h3>\n<p style=\"text-align: center;\">iPad<\/p>\n<p style=\"text-align: center;\">Babysitter, Bett und B\u00fccher f\u00fcr Kinder im Zimmer<\/p>\n<h3 style=\"text-align: center;\"><strong>In den Zimmern:<\/strong><\/h3>\n<p style=\"text-align: center;\">Zimmer mit Ozon sterilisiert<\/p>\n<p style=\"text-align: center;\">Bar von 7:00 bis 23:00 Uhr<\/p>\n<p style=\"text-align: center;\">Internetanschluss mit Kabel und Wifi<\/p>\n<p style=\"text-align: center;\">Individuell regulierbare Klimaanlage<\/p>\n<p style=\"text-align: center;\">Satelliten-TV mit flachem 40 Zoll Bildschirm<\/p>\n<p style=\"text-align: center;\">Minibar<\/p>\n<p style=\"text-align: center;\">Safe<\/p>\n<p style=\"text-align: center;\">Verf\u00fcgbarkeit von Wanne mit Hydromassage<\/p>\n<p style=\"text-align: center;\">Haartrockner<\/p>\n<p style=\"text-align: center;\">Verf\u00fcgbarkeit von Verbindungszimmern<\/p>\n<h3 style=\"text-align: center;\"><strong>Auf Anfrage:<\/strong><\/h3>\n<p style=\"text-align: center;\">Weckdienst<\/p>\n<p style=\"text-align: center;\">Bademantel und Badeschlappen<\/p>\n<p>&nbsp;<\/p>\n<p><img loading=\"lazy\" decoding=\"async\" class=\"aligncenter size-full wp-image-63\" src=\"http:\/\/www.hotelvictoriatrieste.com\/wp-content\/uploads\/2016\/01\/servizi-1.jpg\" alt=\"servizi-1\" width=\"539\" height=\"304\" srcset=\"https:\/\/www.hotelvictoriatrieste.com\/wp-content\/uploads\/2016\/01\/servizi-1.jpg 539w, https:\/\/www.hotelvictoriatrieste.com\/wp-content\/uploads\/2016\/01\/servizi-1-300x169.jpg 300w\" sizes=\"auto, (max-width: 539px) 100vw, 539px\" \/><\/p>\n<h2 style=\"text-align: center;\"><strong>Wellness und Fitness<\/strong><\/h2>\n<p style=\"text-align: center;\">Am Ende eines Arbeitstages, um Spannungen abzubauen und neue Energien zu tanken oder zur Vervollst\u00e4ndigung eine romantische Ausflucht.<br \/>\nIn der Wellness Zone des Victoria Hotel Letterario wird der Gast mit gesunden Streicheleinheiten des Wassers und Dampfwolken mit duftenden Essenzen verw\u00f6hnt.<\/p>\n<p style=\"text-align: center;\">Im Obergeschoss des Hotels befinden sich eine finnische <strong>Sauna<\/strong>, ein <strong>Hammam<\/strong>, eine <strong>Dusche mit Chromotherapie<\/strong>, ein <strong>Becken mit Hydromassage<\/strong> und <strong>eine Entspannungszone<\/strong>.<br \/>\nEin intimer und regenerierender Ort nur f\u00fcr Sie, weil die Momente, die Sie sich g\u00f6nnen, der wahre Luxus sind.<\/p>\n<p>&nbsp;<\/p>\n<p><img loading=\"lazy\" decoding=\"async\" class=\"aligncenter size-full wp-image-66\" src=\"http:\/\/www.hotelvictoriatrieste.com\/wp-content\/uploads\/2016\/01\/servizi-2.jpg\" alt=\"servizi-2\" width=\"539\" height=\"304\" srcset=\"https:\/\/www.hotelvictoriatrieste.com\/wp-content\/uploads\/2016\/01\/servizi-2.jpg 539w, https:\/\/www.hotelvictoriatrieste.com\/wp-content\/uploads\/2016\/01\/servizi-2-300x169.jpg 300w\" sizes=\"auto, (max-width: 539px) 100vw, 539px\" \/><\/p>\n<h2 style=\"text-align: center;\"><strong>Konferenzraum<\/strong><\/h2>\n<p style=\"text-align: center;\">Wir stellen Ihnen einen Sitzungsraum mit 30 Sitzpl\u00e4tzen im Theaterstil zur Verf\u00fcgung. Der Saal verf\u00fcgt \u00fcber einen mit <strong>Videoprojektor<\/strong>, <strong>eine Tafel mit Papier<\/strong>, eine <strong>Audio-Video Anlage<\/strong>, eine <strong>Klimaanlage und diverses B\u00fcromaterial<\/strong>.<\/p>\n<p style=\"text-align: center;\">Auf Anfrage organisieren wir f\u00fcr Sie Kaffeepausen oder leichte Mahlzeiten im ersten Stock. Zug\u00e4nglich mit Aufzug auch f\u00fcr Behinderte.<\/p>\n<p style=\"text-align: center;\">F\u00fcr Reservierungen: +39 040 362415 oder <a href=\"mailto:info@hotelvictoriatrieste.it\">info@hotelvictoriatrieste.it<\/a><\/p>\n<p>&nbsp;<\/p>\n<p><img loading=\"lazy\" decoding=\"async\" class=\"aligncenter size-full wp-image-69\" src=\"http:\/\/www.hotelvictoriatrieste.com\/wp-content\/uploads\/2016\/01\/servizi-3.jpg\" alt=\"servizi-3\" width=\"539\" height=\"304\" srcset=\"https:\/\/www.hotelvictoriatrieste.com\/wp-content\/uploads\/2016\/01\/servizi-3.jpg 539w, https:\/\/www.hotelvictoriatrieste.com\/wp-content\/uploads\/2016\/01\/servizi-3-300x169.jpg 300w\" sizes=\"auto, (max-width: 539px) 100vw, 539px\" \/><\/p>\n<h2 style=\"text-align: center;\"><strong>Lesesaal<\/strong><\/h2>\n<p style=\"text-align: center;\">Im Lesesaal haben unsere G\u00e4ste Zugriff auf eine gro\u00dfe Anzahl an literarischen Werken \u00fcber Triest von Autoren aus Triest. Dieses Triest, dass die Wiege von <strong>Italo Svevo<\/strong> und <strong>Umberto Saba<\/strong>, die Adoptivheimat von <strong>James Joyce<\/strong>, <strong>Richard Burton<\/strong>, <strong>Stendhal<\/strong> und <strong>Ivo Andri\u0107<\/strong> darstellt.<\/p>\n<p style=\"text-align: center;\">Triest, wo es zur Taufe des Werkes von <strong>Vladimir Bartol<\/strong>, <strong>Sre\u010dko Kosovel<\/strong> und <strong>Fulvio Tomizza<\/strong> wie auch vielen anderen wichtigen Autoren und Poeten, die ihre Werke in der italienischen, slowenischen und deutschen Sprache verfasst haben, gekommen ist. Und auch heute noch bringen etwa zehn Protagonisten der nationalen und internationalen Literatur, wie <strong>Veit Heinichen<\/strong> und <strong>Mauro Covacich<\/strong> oder Nobel-Preis Kandidaten wie <strong>Boris Pahor<\/strong> und <strong>Claudio Magris<\/strong> ihre Werke voran.<\/p>\n","protected":false},"excerpt":{"rendered":"<p>Die zur Verf\u00fcgung stehenden Dienstleistungen f\u00fcr die G\u00e4ste des Victoria Hotel Letterario inkludieren: Parkplatz \/ Garage vertragsgebunden bewacht Wellness \u2013 Bereich zum exklusiven Gebrauch mit Reservierung (\u20ac 80 eine Person, \u20ac 100 zwei Personen) Technogym \/ Fitnessbereich Ausgestatteter Konferenzraum Front desk 24 \/ 7 \/ 365 Putzerei Drahtfunk Internetanschluss mit Kabel und Wifi Auf Anfrage:&#8230;<\/p>\n","protected":false},"author":4,"featured_media":0,"parent":0,"menu_order":4,"comment_status":"closed","ping_status":"closed","template":"page-servizi.php","meta":{"_acf_changed":false,"footnotes":""},"class_list":["post-150","page","type-page","status-publish","hentry"],"acf":[],"yoast_head":"<!-- This site is optimized with the Yoast SEO plugin v27.2 - https:\/\/yoast.com\/product\/yoast-seo-wordpress\/ -->\n<title>Dienstleistungen und SPA - Hotel Victoria Triest<\/title>\n<meta name=\"description\" content=\"Die Dienstleistungen des Hotels Victoria inkludieren einen Wellness-Bereich, in dem man sich entspannen kann, einen Lesesaal, einen Fitnessbereich, einen Veranstaltungsraum und noch vieles mehr.\u00a0\" \/>\n<meta name=\"robots\" content=\"index, follow, max-snippet:-1, max-image-preview:large, max-video-preview:-1\" \/>\n<link rel=\"canonical\" href=\"https:\/\/www.hotelvictoriatrieste.com\/de\/dienstleistungen\/\" \/>\n<meta property=\"og:locale\" content=\"de_DE\" \/>\n<meta property=\"og:type\" content=\"article\" \/>\n<meta property=\"og:title\" content=\"Dienstleistungen und SPA - Hotel Victoria Triest\" \/>\n<meta property=\"og:description\" content=\"Die Dienstleistungen des Hotels Victoria inkludieren einen Wellness-Bereich, in dem man sich entspannen kann, einen Lesesaal, einen Fitnessbereich, einen Veranstaltungsraum und noch vieles mehr.\u00a0\" \/>\n<meta property=\"og:url\" content=\"https:\/\/www.hotelvictoriatrieste.com\/de\/dienstleistungen\/\" \/>\n<meta property=\"og:site_name\" content=\"Hotel Victoria\" \/>\n<meta property=\"article:modified_time\" content=\"2024-08-27T15:13:48+00:00\" \/>\n<meta property=\"og:image\" content=\"http:\/\/www.hotelvictoriatrieste.com\/wp-content\/uploads\/2016\/01\/servizi-1.jpg\" \/>\n<meta name=\"twitter:card\" content=\"summary_large_image\" \/>\n<meta name=\"twitter:label1\" content=\"Gesch\u00e4tzte Lesezeit\" \/>\n\t<meta name=\"twitter:data1\" content=\"3\u00a0Minuten\" \/>\n<!-- \/ Yoast SEO plugin. -->","yoast_head_json":{"title":"Dienstleistungen und SPA - Hotel Victoria Triest","description":"Die Dienstleistungen des Hotels Victoria inkludieren einen Wellness-Bereich, in dem man sich entspannen kann, einen Lesesaal, einen Fitnessbereich, einen Veranstaltungsraum und noch vieles mehr.\u00a0","robots":{"index":"index","follow":"follow","max-snippet":"max-snippet:-1","max-image-preview":"max-image-preview:large","max-video-preview":"max-video-preview:-1"},"canonical":"https:\/\/www.hotelvictoriatrieste.com\/de\/dienstleistungen\/","og_locale":"de_DE","og_type":"article","og_title":"Dienstleistungen und SPA - Hotel Victoria Triest","og_description":"Die Dienstleistungen des Hotels Victoria inkludieren einen Wellness-Bereich, in dem man sich entspannen kann, einen Lesesaal, einen Fitnessbereich, einen Veranstaltungsraum und noch vieles mehr.\u00a0","og_url":"https:\/\/www.hotelvictoriatrieste.com\/de\/dienstleistungen\/","og_site_name":"Hotel Victoria","article_modified_time":"2024-08-27T15:13:48+00:00","og_image":[{"url":"http:\/\/www.hotelvictoriatrieste.com\/wp-content\/uploads\/2016\/01\/servizi-1.jpg","type":"","width":"","height":""}],"twitter_card":"summary_large_image","twitter_misc":{"Gesch\u00e4tzte Lesezeit":"3\u00a0Minuten"},"schema":{"@context":"https:\/\/schema.org","@graph":[{"@type":"WebPage","@id":"https:\/\/www.hotelvictoriatrieste.com\/de\/dienstleistungen\/","url":"https:\/\/www.hotelvictoriatrieste.com\/de\/dienstleistungen\/","name":"Dienstleistungen und SPA - Hotel Victoria Triest","isPartOf":{"@id":"https:\/\/www.hotelvictoriatrieste.com\/de\/#website"},"primaryImageOfPage":{"@id":"https:\/\/www.hotelvictoriatrieste.com\/de\/dienstleistungen\/#primaryimage"},"image":{"@id":"https:\/\/www.hotelvictoriatrieste.com\/de\/dienstleistungen\/#primaryimage"},"thumbnailUrl":"http:\/\/www.hotelvictoriatrieste.com\/wp-content\/uploads\/2016\/01\/servizi-1.jpg","datePublished":"2016-02-17T17:19:48+00:00","dateModified":"2024-08-27T15:13:48+00:00","description":"Die Dienstleistungen des Hotels Victoria inkludieren einen Wellness-Bereich, in dem man sich entspannen kann, einen Lesesaal, einen Fitnessbereich, einen Veranstaltungsraum und noch vieles mehr.\u00a0","breadcrumb":{"@id":"https:\/\/www.hotelvictoriatrieste.com\/de\/dienstleistungen\/#breadcrumb"},"inLanguage":"de","potentialAction":[{"@type":"ReadAction","target":["https:\/\/www.hotelvictoriatrieste.com\/de\/dienstleistungen\/"]}]},{"@type":"ImageObject","inLanguage":"de","@id":"https:\/\/www.hotelvictoriatrieste.com\/de\/dienstleistungen\/#primaryimage","url":"http:\/\/www.hotelvictoriatrieste.com\/wp-content\/uploads\/2016\/01\/servizi-1.jpg","contentUrl":"http:\/\/www.hotelvictoriatrieste.com\/wp-content\/uploads\/2016\/01\/servizi-1.jpg"},{"@type":"BreadcrumbList","@id":"https:\/\/www.hotelvictoriatrieste.com\/de\/dienstleistungen\/#breadcrumb","itemListElement":[{"@type":"ListItem","position":1,"name":"Home","item":"https:\/\/www.hotelvictoriatrieste.com\/de\/"},{"@type":"ListItem","position":2,"name":"Dienstleistungen"}]},{"@type":"WebSite","@id":"https:\/\/www.hotelvictoriatrieste.com\/de\/#website","url":"https:\/\/www.hotelvictoriatrieste.com\/de\/","name":"Hotel Victoria","description":"","potentialAction":[{"@type":"SearchAction","target":{"@type":"EntryPoint","urlTemplate":"https:\/\/www.hotelvictoriatrieste.com\/de\/?s={search_term_string}"},"query-input":{"@type":"PropertyValueSpecification","valueRequired":true,"valueName":"search_term_string"}}],"inLanguage":"de"}]}},"_links":{"self":[{"href":"https:\/\/www.hotelvictoriatrieste.com\/de\/wp-json\/wp\/v2\/pages\/150","targetHints":{"allow":["GET"]}}],"collection":[{"href":"https:\/\/www.hotelvictoriatrieste.com\/de\/wp-json\/wp\/v2\/pages"}],"about":[{"href":"https:\/\/www.hotelvictoriatrieste.com\/de\/wp-json\/wp\/v2\/types\/page"}],"author":[{"embeddable":true,"href":"https:\/\/www.hotelvictoriatrieste.com\/de\/wp-json\/wp\/v2\/users\/4"}],"replies":[{"embeddable":true,"href":"https:\/\/www.hotelvictoriatrieste.com\/de\/wp-json\/wp\/v2\/comments?post=150"}],"version-history":[{"count":19,"href":"https:\/\/www.hotelvictoriatrieste.com\/de\/wp-json\/wp\/v2\/pages\/150\/revisions"}],"predecessor-version":[{"id":4148,"href":"https:\/\/www.hotelvictoriatrieste.com\/de\/wp-json\/wp\/v2\/pages\/150\/revisions\/4148"}],"wp:attachment":[{"href":"https:\/\/www.hotelvictoriatrieste.com\/de\/wp-json\/wp\/v2\/media?parent=150"}],"curies":[{"name":"wp","href":"https:\/\/api.w.org\/{rel}","templated":true}]}}