{"id":1499,"date":"2018-03-06T10:46:48","date_gmt":"2018-03-06T09:46:48","guid":{"rendered":"http:\/\/www.hotelvictoriatrieste.com\/richiesta-inviata-correttamente\/"},"modified":"2018-03-06T10:48:54","modified_gmt":"2018-03-06T09:48:54","slug":"anfrage-gesendet","status":"publish","type":"page","link":"https:\/\/www.hotelvictoriatrieste.com\/de\/anfrage-gesendet\/","title":{"rendered":"Anfrage gesendet"},"content":{"rendered":"<p>Danke f\u00fcr Ihre Anfrage!<br \/>\nUnser Staff wird sie so schnell wie m\u00f6glich kontaktieren.<\/p>\n<hr \/>\n<p>Wenn Sie sich dazu entschieden haben, unseren Newsletter zu abonnieren, \u00fcberpr\u00fcfen Sie bitte Ihren Posteingang<br \/>\n(sehen Sie auch im Spam-Ordner nach, wenn Sie im Posteingang nichts gefunden haben).<br \/>\nInnerhalb weniger Minuten erhalten Sie eine E-Mail zur Best\u00e4tigung Ihrer Adresse.<\/p>\n","protected":false},"excerpt":{"rendered":"<p>Danke f\u00fcr Ihre Anfrage! Unser Staff wird sie so schnell wie m\u00f6glich kontaktieren. Wenn Sie sich dazu entschieden haben, unseren Newsletter zu abonnieren, \u00fcberpr\u00fcfen Sie bitte Ihren Posteingang (sehen Sie auch im Spam-Ordner nach, wenn Sie im Posteingang nichts gefunden haben). Innerhalb weniger Minuten erhalten Sie eine E-Mail zur Best\u00e4tigung Ihrer Adresse.<\/p>\n","protected":false},"author":4,"featured_media":0,"parent":0,"menu_order":0,"comment_status":"closed","ping_status":"closed","template":"","meta":{"_acf_changed":false,"footnotes":""},"class_list":["post-1499","page","type-page","status-publish","hentry"],"acf":[],"yoast_head":"<!-- This site is optimized with the Yoast SEO plugin v27.2 - https:\/\/yoast.com\/product\/yoast-seo-wordpress\/ -->\n<title>Anfrage gesendet | Hotel Victoria<\/title>\n<meta name=\"robots\" content=\"index, follow, max-snippet:-1, max-image-preview:large, max-video-preview:-1\" \/>\n<link rel=\"canonical\" href=\"https:\/\/www.hotelvictoriatrieste.com\/de\/anfrage-gesendet\/\" \/>\n<meta property=\"og:locale\" content=\"de_DE\" \/>\n<meta property=\"og:type\" content=\"article\" \/>\n<meta property=\"og:title\" content=\"Anfrage gesendet | Hotel Victoria\" \/>\n<meta property=\"og:description\" content=\"Danke f\u00fcr Ihre Anfrage! Unser Staff wird sie so schnell wie m\u00f6glich kontaktieren. Wenn Sie sich dazu entschieden haben, unseren Newsletter zu abonnieren, \u00fcberpr\u00fcfen Sie bitte Ihren Posteingang (sehen Sie auch im Spam-Ordner nach, wenn Sie im Posteingang nichts gefunden haben). Innerhalb weniger Minuten erhalten Sie eine E-Mail zur Best\u00e4tigung Ihrer Adresse.\" \/>\n<meta property=\"og:url\" content=\"https:\/\/www.hotelvictoriatrieste.com\/de\/anfrage-gesendet\/\" \/>\n<meta property=\"og:site_name\" content=\"Hotel Victoria\" \/>\n<meta property=\"article:modified_time\" content=\"2018-03-06T09:48:54+00:00\" \/>\n<meta name=\"twitter:card\" content=\"summary_large_image\" \/>\n<!-- \/ Yoast SEO plugin. -->","yoast_head_json":{"title":"Anfrage gesendet | Hotel Victoria","robots":{"index":"index","follow":"follow","max-snippet":"max-snippet:-1","max-image-preview":"max-image-preview:large","max-video-preview":"max-video-preview:-1"},"canonical":"https:\/\/www.hotelvictoriatrieste.com\/de\/anfrage-gesendet\/","og_locale":"de_DE","og_type":"article","og_title":"Anfrage gesendet | Hotel Victoria","og_description":"Danke f\u00fcr Ihre Anfrage! Unser Staff wird sie so schnell wie m\u00f6glich kontaktieren. Wenn Sie sich dazu entschieden haben, unseren Newsletter zu abonnieren, \u00fcberpr\u00fcfen Sie bitte Ihren Posteingang (sehen Sie auch im Spam-Ordner nach, wenn Sie im Posteingang nichts gefunden haben). Innerhalb weniger Minuten erhalten Sie eine E-Mail zur Best\u00e4tigung Ihrer Adresse.","og_url":"https:\/\/www.hotelvictoriatrieste.com\/de\/anfrage-gesendet\/","og_site_name":"Hotel Victoria","article_modified_time":"2018-03-06T09:48:54+00:00","twitter_card":"summary_large_image","schema":{"@context":"https:\/\/schema.org","@graph":[{"@type":"WebPage","@id":"https:\/\/www.hotelvictoriatrieste.com\/de\/anfrage-gesendet\/","url":"https:\/\/www.hotelvictoriatrieste.com\/de\/anfrage-gesendet\/","name":"Anfrage gesendet | Hotel Victoria","isPartOf":{"@id":"https:\/\/www.hotelvictoriatrieste.com\/de\/#website"},"datePublished":"2018-03-06T09:46:48+00:00","dateModified":"2018-03-06T09:48:54+00:00","breadcrumb":{"@id":"https:\/\/www.hotelvictoriatrieste.com\/de\/anfrage-gesendet\/#breadcrumb"},"inLanguage":"de","potentialAction":[{"@type":"ReadAction","target":["https:\/\/www.hotelvictoriatrieste.com\/de\/anfrage-gesendet\/"]}]},{"@type":"BreadcrumbList","@id":"https:\/\/www.hotelvictoriatrieste.com\/de\/anfrage-gesendet\/#breadcrumb","itemListElement":[{"@type":"ListItem","position":1,"name":"Home","item":"https:\/\/www.hotelvictoriatrieste.com\/de\/"},{"@type":"ListItem","position":2,"name":"Anfrage gesendet"}]},{"@type":"WebSite","@id":"https:\/\/www.hotelvictoriatrieste.com\/de\/#website","url":"https:\/\/www.hotelvictoriatrieste.com\/de\/","name":"Hotel Victoria","description":"","potentialAction":[{"@type":"SearchAction","target":{"@type":"EntryPoint","urlTemplate":"https:\/\/www.hotelvictoriatrieste.com\/de\/?s={search_term_string}"},"query-input":{"@type":"PropertyValueSpecification","valueRequired":true,"valueName":"search_term_string"}}],"inLanguage":"de"}]}},"_links":{"self":[{"href":"https:\/\/www.hotelvictoriatrieste.com\/de\/wp-json\/wp\/v2\/pages\/1499","targetHints":{"allow":["GET"]}}],"collection":[{"href":"https:\/\/www.hotelvictoriatrieste.com\/de\/wp-json\/wp\/v2\/pages"}],"about":[{"href":"https:\/\/www.hotelvictoriatrieste.com\/de\/wp-json\/wp\/v2\/types\/page"}],"author":[{"embeddable":true,"href":"https:\/\/www.hotelvictoriatrieste.com\/de\/wp-json\/wp\/v2\/users\/4"}],"replies":[{"embeddable":true,"href":"https:\/\/www.hotelvictoriatrieste.com\/de\/wp-json\/wp\/v2\/comments?post=1499"}],"version-history":[{"count":1,"href":"https:\/\/www.hotelvictoriatrieste.com\/de\/wp-json\/wp\/v2\/pages\/1499\/revisions"}],"predecessor-version":[{"id":1501,"href":"https:\/\/www.hotelvictoriatrieste.com\/de\/wp-json\/wp\/v2\/pages\/1499\/revisions\/1501"}],"wp:attachment":[{"href":"https:\/\/www.hotelvictoriatrieste.com\/de\/wp-json\/wp\/v2\/media?parent=1499"}],"curies":[{"name":"wp","href":"https:\/\/api.w.org\/{rel}","templated":true}]}}