{"id":147,"date":"2016-02-17T18:19:33","date_gmt":"2016-02-17T17:19:33","guid":{"rendered":"http:\/\/www.hotelvictoriatrieste.com\/de\/?page_id=147"},"modified":"2016-10-10T17:35:47","modified_gmt":"2016-10-10T15:35:47","slug":"zimmer","status":"publish","type":"page","link":"https:\/\/www.hotelvictoriatrieste.com\/de\/zimmer\/","title":{"rendered":"Die Zimmer.<BR \/>Entdecken Sie die innere Sch\u00f6nheit"},"content":{"rendered":"<p>Die 44 Zimmer des Hotels Victoria  und die 5 Apartments \u2013 darunter auch eine mit einem Wohnzimmer versehene Suite, die James Joyce gewidmet wurde, wie auch acht Junior Suiten mit Himmelbett, Kamin und Sichtziegelmauerwerk \u2013 wurden allesamt mit weichen und warmen Farben eingerichtet. Eine genaue Harmonie zwischen dem Klassischen und dem Modernen, eine Metapher f\u00fcr den Geist der gesamten Stadt Triest, die sich seit jeher im Gleichgewicht zwischen Vergangenheit und Zukunft, Kultur und Innovation, Kunst und Technologie befindet. Victoria Hotel Letterario ist die ideale Antwort f\u00fcr Gesch\u00e4ftsm\u00e4nner\/frauen und Reisende, die sich ein regenerierendes Erlebnis und eine menschliche wie auch entspannende Atmosph\u00e4re w\u00fcnschen.<\/p>\n","protected":false},"excerpt":{"rendered":"<p>Die 44 Zimmer des Hotels Victoria und die 5 Apartments \u2013 darunter auch eine mit einem Wohnzimmer versehene Suite, die James Joyce gewidmet wurde, wie auch acht Junior Suiten mit Himmelbett, Kamin und Sichtziegelmauerwerk \u2013 wurden allesamt mit weichen und warmen Farben eingerichtet. Eine genaue Harmonie zwischen dem Klassischen und dem Modernen, eine Metapher f\u00fcr&#8230;<\/p>\n","protected":false},"author":4,"featured_media":0,"parent":0,"menu_order":2,"comment_status":"closed","ping_status":"closed","template":"page-camere.php","meta":{"_acf_changed":false,"footnotes":""},"class_list":["post-147","page","type-page","status-publish","hentry"],"acf":[],"yoast_head":"<!-- This site is optimized with the Yoast SEO plugin v27.2 - https:\/\/yoast.com\/product\/yoast-seo-wordpress\/ -->\n<title>Zimmer und Suiten - Hotel Victoria - 4 Sterne Zentral in Triest<\/title>\n<meta name=\"description\" content=\"Die 44 Zimmer des Hotels Victoria in Triest empfangen Sie mit weichen und warmen Farben und bieten Ihnen eine ausgeglichene Harmonie zwischen Klassik und Moderne.\u00a0\" \/>\n<meta name=\"robots\" content=\"index, follow, max-snippet:-1, max-image-preview:large, max-video-preview:-1\" \/>\n<link rel=\"canonical\" href=\"https:\/\/www.hotelvictoriatrieste.com\/de\/zimmer\/\" \/>\n<meta property=\"og:locale\" content=\"de_DE\" \/>\n<meta property=\"og:type\" content=\"article\" \/>\n<meta property=\"og:title\" content=\"Zimmer und Suiten - Hotel Victoria - 4 Sterne Zentral in Triest\" \/>\n<meta property=\"og:description\" content=\"Die 44 Zimmer des Hotels Victoria in Triest empfangen Sie mit weichen und warmen Farben und bieten Ihnen eine ausgeglichene Harmonie zwischen Klassik und Moderne.\u00a0\" \/>\n<meta property=\"og:url\" content=\"https:\/\/www.hotelvictoriatrieste.com\/de\/zimmer\/\" \/>\n<meta property=\"og:site_name\" content=\"Hotel Victoria\" \/>\n<meta property=\"article:modified_time\" content=\"2016-10-10T15:35:47+00:00\" \/>\n<meta name=\"twitter:card\" content=\"summary_large_image\" \/>\n<meta name=\"twitter:label1\" content=\"Gesch\u00e4tzte Lesezeit\" \/>\n\t<meta name=\"twitter:data1\" content=\"1\u00a0Minute\" \/>\n<!-- \/ Yoast SEO plugin. -->","yoast_head_json":{"title":"Zimmer und Suiten - Hotel Victoria - 4 Sterne Zentral in Triest","description":"Die 44 Zimmer des Hotels Victoria in Triest empfangen Sie mit weichen und warmen Farben und bieten Ihnen eine ausgeglichene Harmonie zwischen Klassik und Moderne.\u00a0","robots":{"index":"index","follow":"follow","max-snippet":"max-snippet:-1","max-image-preview":"max-image-preview:large","max-video-preview":"max-video-preview:-1"},"canonical":"https:\/\/www.hotelvictoriatrieste.com\/de\/zimmer\/","og_locale":"de_DE","og_type":"article","og_title":"Zimmer und Suiten - Hotel Victoria - 4 Sterne Zentral in Triest","og_description":"Die 44 Zimmer des Hotels Victoria in Triest empfangen Sie mit weichen und warmen Farben und bieten Ihnen eine ausgeglichene Harmonie zwischen Klassik und Moderne.\u00a0","og_url":"https:\/\/www.hotelvictoriatrieste.com\/de\/zimmer\/","og_site_name":"Hotel Victoria","article_modified_time":"2016-10-10T15:35:47+00:00","twitter_card":"summary_large_image","twitter_misc":{"Gesch\u00e4tzte Lesezeit":"1\u00a0Minute"},"schema":{"@context":"https:\/\/schema.org","@graph":[{"@type":"WebPage","@id":"https:\/\/www.hotelvictoriatrieste.com\/de\/zimmer\/","url":"https:\/\/www.hotelvictoriatrieste.com\/de\/zimmer\/","name":"Zimmer und Suiten - Hotel Victoria - 4 Sterne Zentral in Triest","isPartOf":{"@id":"https:\/\/www.hotelvictoriatrieste.com\/de\/#website"},"datePublished":"2016-02-17T17:19:33+00:00","dateModified":"2016-10-10T15:35:47+00:00","description":"Die 44 Zimmer des Hotels Victoria in Triest empfangen Sie mit weichen und warmen Farben und bieten Ihnen eine ausgeglichene Harmonie zwischen Klassik und Moderne.\u00a0","breadcrumb":{"@id":"https:\/\/www.hotelvictoriatrieste.com\/de\/zimmer\/#breadcrumb"},"inLanguage":"de","potentialAction":[{"@type":"ReadAction","target":["https:\/\/www.hotelvictoriatrieste.com\/de\/zimmer\/"]}]},{"@type":"BreadcrumbList","@id":"https:\/\/www.hotelvictoriatrieste.com\/de\/zimmer\/#breadcrumb","itemListElement":[{"@type":"ListItem","position":1,"name":"Home","item":"https:\/\/www.hotelvictoriatrieste.com\/de\/"},{"@type":"ListItem","position":2,"name":"Die Zimmer.Entdecken Sie die innere Sch\u00f6nheit"}]},{"@type":"WebSite","@id":"https:\/\/www.hotelvictoriatrieste.com\/de\/#website","url":"https:\/\/www.hotelvictoriatrieste.com\/de\/","name":"Hotel Victoria","description":"","potentialAction":[{"@type":"SearchAction","target":{"@type":"EntryPoint","urlTemplate":"https:\/\/www.hotelvictoriatrieste.com\/de\/?s={search_term_string}"},"query-input":{"@type":"PropertyValueSpecification","valueRequired":true,"valueName":"search_term_string"}}],"inLanguage":"de"}]}},"_links":{"self":[{"href":"https:\/\/www.hotelvictoriatrieste.com\/de\/wp-json\/wp\/v2\/pages\/147","targetHints":{"allow":["GET"]}}],"collection":[{"href":"https:\/\/www.hotelvictoriatrieste.com\/de\/wp-json\/wp\/v2\/pages"}],"about":[{"href":"https:\/\/www.hotelvictoriatrieste.com\/de\/wp-json\/wp\/v2\/types\/page"}],"author":[{"embeddable":true,"href":"https:\/\/www.hotelvictoriatrieste.com\/de\/wp-json\/wp\/v2\/users\/4"}],"replies":[{"embeddable":true,"href":"https:\/\/www.hotelvictoriatrieste.com\/de\/wp-json\/wp\/v2\/comments?post=147"}],"version-history":[{"count":3,"href":"https:\/\/www.hotelvictoriatrieste.com\/de\/wp-json\/wp\/v2\/pages\/147\/revisions"}],"predecessor-version":[{"id":895,"href":"https:\/\/www.hotelvictoriatrieste.com\/de\/wp-json\/wp\/v2\/pages\/147\/revisions\/895"}],"wp:attachment":[{"href":"https:\/\/www.hotelvictoriatrieste.com\/de\/wp-json\/wp\/v2\/media?parent=147"}],"curies":[{"name":"wp","href":"https:\/\/api.w.org\/{rel}","templated":true}]}}